{"id":3539,"date":"2026-02-08T20:09:40","date_gmt":"2026-02-08T23:09:40","guid":{"rendered":"https:\/\/fvglobal.org\/ueber-uns\/"},"modified":"2026-02-08T20:11:02","modified_gmt":"2026-02-08T23:11:02","slug":"ueber-uns","status":"publish","type":"page","link":"https:\/\/fvglobal.org\/de\/ueber-uns\/","title":{"rendered":"\u00dcber uns"},"content":{"rendered":"\t\t<div data-elementor-type=\"wp-page\" data-elementor-id=\"3539\" class=\"elementor elementor-3539 elementor-2950\" data-elementor-post-type=\"page\">\n\t\t\t\t\t\t<section class=\"elementor-section elementor-top-section elementor-element elementor-element-4934f607 elementor-section-boxed elementor-section-height-default elementor-section-height-default\" data-id=\"4934f607\" data-element_type=\"section\" data-e-type=\"section\" data-settings=\"{&quot;background_background&quot;:&quot;classic&quot;}\">\n\t\t\t\t\t\t\t<div class=\"elementor-background-overlay\"><\/div>\n\t\t\t\t\t\t\t<div class=\"elementor-container elementor-column-gap-default\">\n\t\t\t\t\t<div class=\"elementor-column elementor-col-100 elementor-top-column elementor-element elementor-element-15c51cd9\" data-id=\"15c51cd9\" data-element_type=\"column\" data-e-type=\"column\">\n\t\t\t<div class=\"elementor-widget-wrap elementor-element-populated\">\n\t\t\t\t\t\t<div class=\"elementor-element elementor-element-5637ae50 elementor-widget elementor-widget-heading\" data-id=\"5637ae50\" data-element_type=\"widget\" data-e-type=\"widget\" data-widget_type=\"heading.default\">\n\t\t\t\t<div class=\"elementor-widget-container\">\n\t\t\t\t\t<h3 class=\"elementor-heading-title elementor-size-default\">\u00dcber uns<\/h3>\t\t\t\t<\/div>\n\t\t\t\t<\/div>\n\t\t\t\t<div class=\"elementor-element elementor-element-1964c14b elementor-widget__width-initial elementor-widget elementor-widget-text-editor\" data-id=\"1964c14b\" data-element_type=\"widget\" data-e-type=\"widget\" data-widget_type=\"text-editor.default\">\n\t\t\t\t<div class=\"elementor-widget-container\">\n\t\t\t\t\t\t\t\t\t<p class=\"p1\">Fundaci\u00f3n Visi\u00f3n ist eine Institution, die sich der Entwicklung, Umsetzung und Aufrechterhaltung von Gesundheits- und Bildungsprogrammen mit vision\u00e4ren und engagierten F\u00fchrungskr\u00e4ften, Professionalit\u00e4t, hoher Qualit\u00e4t, angemessener Technologie und christlichen Prinzipien widmet.<\/p><p class=\"p1\">Unser Ziel ist es, Gott zu ehren und zu dienen, indem wir dazu beitragen, die Gesundheitsbed\u00fcrfnisse umfassend zu erf\u00fcllen, damit die Menschen ein erf\u00fclltes Leben f\u00fchren k\u00f6nnen.<\/p><figure class=\"wp-block-gallery has-nested-images columns-4 is-cropped\"><figure class=\"wp-block-image size-large\"><\/figure><\/figure>\t\t\t\t\t\t\t\t<\/div>\n\t\t\t\t<\/div>\n\t\t\t\t\t<\/div>\n\t\t<\/div>\n\t\t\t\t\t<\/div>\n\t\t<\/section>\n\t\t\t\t<section class=\"elementor-section elementor-top-section elementor-element elementor-element-7726572e elementor-section-full_width elementor-section-content-middle elementor-section-height-default elementor-section-height-default\" data-id=\"7726572e\" data-element_type=\"section\" data-e-type=\"section\">\n\t\t\t\t\t\t<div class=\"elementor-container elementor-column-gap-no\">\n\t\t\t\t\t<div class=\"elementor-column elementor-col-50 elementor-top-column elementor-element elementor-element-3e37b245\" data-id=\"3e37b245\" data-element_type=\"column\" data-e-type=\"column\">\n\t\t\t<div class=\"elementor-widget-wrap elementor-element-populated\">\n\t\t\t\t\t\t<div class=\"elementor-element elementor-element-1be377b4 elementor-widget elementor-widget-heading\" data-id=\"1be377b4\" data-element_type=\"widget\" data-e-type=\"widget\" data-widget_type=\"heading.default\">\n\t\t\t\t<div class=\"elementor-widget-container\">\n\t\t\t\t\t<h3 class=\"elementor-heading-title elementor-size-default\">Ausserdem<\/h3>\t\t\t\t<\/div>\n\t\t\t\t<\/div>\n\t\t\t\t<div class=\"elementor-element elementor-element-1b9b24e6 elementor-widget-divider--view-line elementor-widget elementor-widget-divider\" data-id=\"1b9b24e6\" data-element_type=\"widget\" data-e-type=\"widget\" data-widget_type=\"divider.default\">\n\t\t\t\t<div class=\"elementor-widget-container\">\n\t\t\t\t\t\t\t<div class=\"elementor-divider\">\n\t\t\t<span class=\"elementor-divider-separator\">\n\t\t\t\t\t\t<\/span>\n\t\t<\/div>\n\t\t\t\t\t\t<\/div>\n\t\t\t\t<\/div>\n\t\t\t\t\t<\/div>\n\t\t<\/div>\n\t\t\t\t<div class=\"elementor-column elementor-col-50 elementor-top-column elementor-element elementor-element-2e1d9cc9\" data-id=\"2e1d9cc9\" data-element_type=\"column\" data-e-type=\"column\">\n\t\t\t<div class=\"elementor-widget-wrap elementor-element-populated\">\n\t\t\t\t\t\t<div class=\"elementor-element elementor-element-19ab4f8b elementor-widget elementor-widget-text-editor\" data-id=\"19ab4f8b\" data-element_type=\"widget\" data-e-type=\"widget\" data-widget_type=\"text-editor.default\">\n\t\t\t\t<div class=\"elementor-widget-container\">\n\t\t\t\t\t\t\t\t\t<p>zus\u00e4tzlich zu Tausenden von medizinischen Beratungen, die jedes Jahr in den verschiedenen Versorgungszentren angeboten werden, hat die Einrichtung mehr als 100.000 Augenoperationen durchgef\u00fchrt, die sich gr\u00f6\u00dftenteils an Menschen mit begrenzten finanziellen Mitteln richten, dank der gro\u00dfz\u00fcgigen Unterst\u00fctzung von Hunderten von Paraguayern und der spezialisierten medizinischen Intervention unserer Fachkr\u00e4fte.<\/p><p class=\"p1\">Seit \u00fcber drei Jahrzehnten \u00fcbt die Institution eine starke Wirkung in Paraguay aus, stets mit der festen \u00dcberzeugung, Gott zu dienen und den Menschen \u2013 insbesondere den Schw\u00e4chsten \u2013 bei ihren gesundheitlichen Bed\u00fcrfnissen zu helfen. Parallel zu unserer Arbeit in diesem Land weiteten wir unsere T\u00e4tigkeit auf die Republik Bolivien und die Demokratische Republik Kongo aus, zwei L\u00e4nder, die aufgrund der Schwierigkeiten beim Zugang der Bev\u00f6lkerung zur Gesundheitsversorgung eine gro\u00dfe Herausforderung f\u00fcr die Institution darstellen.<\/p><p class=\"p1\"> <\/p>\t\t\t\t\t\t\t\t<\/div>\n\t\t\t\t<\/div>\n\t\t\t\t\t<\/div>\n\t\t<\/div>\n\t\t\t\t\t<\/div>\n\t\t<\/section>\n\t\t\t\t<section class=\"elementor-section elementor-top-section elementor-element elementor-element-414431a elementor-section-boxed elementor-section-height-default elementor-section-height-default\" data-id=\"414431a\" data-element_type=\"section\" data-e-type=\"section\">\n\t\t\t\t\t\t<div class=\"elementor-container elementor-column-gap-default\">\n\t\t\t\t\t<div class=\"elementor-column elementor-col-50 elementor-top-column elementor-element elementor-element-c23acf0\" data-id=\"c23acf0\" data-element_type=\"column\" data-e-type=\"column\">\n\t\t\t<div class=\"elementor-widget-wrap elementor-element-populated\">\n\t\t\t\t\t\t<div class=\"elementor-element elementor-element-dabaa4e elementor-widget elementor-widget-image\" data-id=\"dabaa4e\" data-element_type=\"widget\" data-e-type=\"widget\" data-widget_type=\"image.default\">\n\t\t\t\t<div class=\"elementor-widget-container\">\n\t\t\t\t\t\t\t\t\t\t\t\t\t\t\t<img fetchpriority=\"high\" decoding=\"async\" width=\"640\" height=\"344\" src=\"https:\/\/fvglobal.org\/wp-content\/uploads\/2023\/05\/FV-Historia-5-1200x645-1-1024x550.jpg\" class=\"attachment-large size-large wp-image-3533\" alt=\"\" srcset=\"https:\/\/fvglobal.org\/wp-content\/uploads\/2023\/05\/FV-Historia-5-1200x645-1-1024x550.jpg 1024w, https:\/\/fvglobal.org\/wp-content\/uploads\/2023\/05\/FV-Historia-5-1200x645-1-300x161.jpg 300w, https:\/\/fvglobal.org\/wp-content\/uploads\/2023\/05\/FV-Historia-5-1200x645-1-768x413.jpg 768w, https:\/\/fvglobal.org\/wp-content\/uploads\/2023\/05\/FV-Historia-5-1200x645-1-600x323.jpg 600w, https:\/\/fvglobal.org\/wp-content\/uploads\/2023\/05\/FV-Historia-5-1200x645-1.jpg 1200w\" sizes=\"(max-width: 640px) 100vw, 640px\" \/>\t\t\t\t\t\t\t\t\t\t\t\t\t\t\t<\/div>\n\t\t\t\t<\/div>\n\t\t\t\t\t<\/div>\n\t\t<\/div>\n\t\t\t\t<div class=\"elementor-column elementor-col-50 elementor-top-column elementor-element elementor-element-b62d7ae\" data-id=\"b62d7ae\" data-element_type=\"column\" data-e-type=\"column\">\n\t\t\t<div class=\"elementor-widget-wrap elementor-element-populated\">\n\t\t\t\t\t\t<div class=\"elementor-element elementor-element-f1fa47f elementor-widget elementor-widget-image\" data-id=\"f1fa47f\" data-element_type=\"widget\" data-e-type=\"widget\" data-widget_type=\"image.default\">\n\t\t\t\t<div class=\"elementor-widget-container\">\n\t\t\t\t\t\t\t\t\t\t\t\t\t\t\t<img decoding=\"async\" width=\"640\" height=\"344\" src=\"https:\/\/fvglobal.org\/wp-content\/uploads\/2023\/05\/FV-historia-1-1200x645-1-1024x550.jpg\" class=\"attachment-large size-large wp-image-3534\" alt=\"\" srcset=\"https:\/\/fvglobal.org\/wp-content\/uploads\/2023\/05\/FV-historia-1-1200x645-1-1024x550.jpg 1024w, https:\/\/fvglobal.org\/wp-content\/uploads\/2023\/05\/FV-historia-1-1200x645-1-300x161.jpg 300w, https:\/\/fvglobal.org\/wp-content\/uploads\/2023\/05\/FV-historia-1-1200x645-1-768x413.jpg 768w, https:\/\/fvglobal.org\/wp-content\/uploads\/2023\/05\/FV-historia-1-1200x645-1-600x323.jpg 600w, https:\/\/fvglobal.org\/wp-content\/uploads\/2023\/05\/FV-historia-1-1200x645-1.jpg 1200w\" sizes=\"(max-width: 640px) 100vw, 640px\" \/>\t\t\t\t\t\t\t\t\t\t\t\t\t\t\t<\/div>\n\t\t\t\t<\/div>\n\t\t\t\t\t<\/div>\n\t\t<\/div>\n\t\t\t\t\t<\/div>\n\t\t<\/section>\n\t\t\t\t<section class=\"elementor-section elementor-top-section elementor-element elementor-element-f4f24a elementor-section-content-middle elementor-section-boxed elementor-section-height-default elementor-section-height-default\" data-id=\"f4f24a\" data-element_type=\"section\" data-e-type=\"section\">\n\t\t\t\t\t\t<div class=\"elementor-container elementor-column-gap-no\">\n\t\t\t\t\t<div class=\"elementor-column elementor-col-50 elementor-top-column elementor-element elementor-element-4e865f49\" data-id=\"4e865f49\" data-element_type=\"column\" data-e-type=\"column\">\n\t\t\t<div class=\"elementor-widget-wrap elementor-element-populated\">\n\t\t\t\t\t\t<div class=\"elementor-element elementor-element-300e840d elementor-widget-divider--view-line elementor-widget elementor-widget-divider\" data-id=\"300e840d\" data-element_type=\"widget\" data-e-type=\"widget\" data-widget_type=\"divider.default\">\n\t\t\t\t<div class=\"elementor-widget-container\">\n\t\t\t\t\t\t\t<div class=\"elementor-divider\">\n\t\t\t<span class=\"elementor-divider-separator\">\n\t\t\t\t\t\t<\/span>\n\t\t<\/div>\n\t\t\t\t\t\t<\/div>\n\t\t\t\t<\/div>\n\t\t\t\t<div class=\"elementor-element elementor-element-2e1fbf94 elementor-widget elementor-widget-heading\" data-id=\"2e1fbf94\" data-element_type=\"widget\" data-e-type=\"widget\" data-widget_type=\"heading.default\">\n\t\t\t\t<div class=\"elementor-widget-container\">\n\t\t\t\t\t<h4 class=\"elementor-heading-title elementor-size-default\">Etwas Geschichte<\/h4>\t\t\t\t<\/div>\n\t\t\t\t<\/div>\n\t\t\t\t\t<\/div>\n\t\t<\/div>\n\t\t\t\t<div class=\"elementor-column elementor-col-50 elementor-top-column elementor-element elementor-element-61208038\" data-id=\"61208038\" data-element_type=\"column\" data-e-type=\"column\">\n\t\t\t<div class=\"elementor-widget-wrap elementor-element-populated\">\n\t\t\t\t\t\t<div class=\"elementor-element elementor-element-213af61b elementor-widget elementor-widget-text-editor\" data-id=\"213af61b\" data-element_type=\"widget\" data-e-type=\"widget\" data-widget_type=\"text-editor.default\">\n\t\t\t\t<div class=\"elementor-widget-container\">\n\t\t\t\t\t\t\t\t\t<p class=\"p1\">Unsere Arbeit begann 1992, als eine Gruppe von Freiwilligen unter der Leitung von Dr. Rainald Duerksen damit begann, im Mennonitenkrankenhaus bei Kilometer 81 Augenbehandlungen anzubieten und so Gottes Liebe durch einen zug\u00e4nglichen und qualitativ hochwertigen Service f\u00fcr alle weiterzugeben.<\/p><p class=\"p1\">Es begannen regelm\u00e4\u00dfige Besuche im indigenen Dorf Yalve Sanga im Zentralchaco, und dort wurde im M\u00e4rz 1993 die erste chirurgische Kampagne mit 27 Operationen durchgef\u00fchrt.<\/p><p class=\"p1\">Das Wachstum einer solch edlen Aufgabe folgte bald. So konnte schon bald der erste eigene Operationssaal eingerichtet werden: ein Holzhaus im Hinterhof des Centro M\u00e9dico Bautista das 10 Jahre lang genutzt wurde und in dem rund 10.000 Operationen durchgef\u00fchrt wurden. Im Zuge dieses Expansionsprozesses wurde 1999 die Fundaci\u00f3n Visi\u00f3n gegr\u00fcndet.<\/p><p class=\"p1\">Die Arbeit schritt weiter voran, bald kam Unterst\u00fctzung von Verb\u00fcndeten, und in den folgenden Jahren wurden mehrere Kliniken er\u00f6ffnet, um der wachsenden Nachfrage nach Dienstleistungen gerecht zu werden.<\/p><p class=\"p1\">Tausende Kilometer zur\u00fcckgelegt und Patienten behandelt<\/p><p class=\"p1\">Die Einrichtung reist jedes Jahr Tausende von Kilometern durch das Land, um gef\u00e4hrdeten Menschen zu helfen, die nur schwer Zugang zu jeglicher Art von Versorgung haben. <\/p><p class=\"p1\">Dank der Unterst\u00fctzung von Partnern und gro\u00dfz\u00fcgigen Spendern konnten durch die augenchirurgischen Kampagnen bereits mehr als 100.000 Menschen behandelt und mehr als 5.000 Patienten in priorit\u00e4ren Gebieten operiert werden. <\/p><p class=\"p1\">Das Ergebnis unserer Arbeit ist jedoch nicht nur lokal, sondern reicht auch \u00fcber Grenzen hinaus. Im Jahr 2018 begannen wir mit der Erbringung von Dienstleistungen in Bolivien, und im Jahr 2022 starteten wir unsere Arbeit in der Demokratischen Republik Kongo in Afrika, wo ein gro\u00dfer Mangel an augen\u00e4rztlichen Leistungen herrscht und Blindheit in der Bev\u00f6lkerung weit verbreitet ist.<\/p><p class=\"p1\">Diese 30 Jahre sind erst der Anfang von allem, was noch vor uns liegt. Wir wissen, dass dies erst der Anfang ist, und wir sind bereit, der Bev\u00f6lkerung auch weiterhin unsere hervorragenden augen\u00e4rztlichen Leistungen anzubieten, die f\u00fcr alle zug\u00e4nglich sind. <\/p>\t\t\t\t\t\t\t\t<\/div>\n\t\t\t\t<\/div>\n\t\t\t\t\t<\/div>\n\t\t<\/div>\n\t\t\t\t\t<\/div>\n\t\t<\/section>\n\t\t\t\t<section class=\"elementor-section elementor-top-section elementor-element elementor-element-bbfaf04 elementor-section-full_width elementor-section-height-default elementor-section-height-default\" data-id=\"bbfaf04\" data-element_type=\"section\" data-e-type=\"section\">\n\t\t\t\t\t\t<div class=\"elementor-container elementor-column-gap-default\">\n\t\t\t\t\t<div class=\"elementor-column elementor-col-16 elementor-top-column elementor-element elementor-element-bf9443c\" data-id=\"bf9443c\" data-element_type=\"column\" data-e-type=\"column\">\n\t\t\t<div class=\"elementor-widget-wrap elementor-element-populated\">\n\t\t\t\t\t\t<div class=\"elementor-element elementor-element-93b2032 elementor-widget elementor-widget-image\" data-id=\"93b2032\" data-element_type=\"widget\" data-e-type=\"widget\" data-widget_type=\"image.default\">\n\t\t\t\t<div class=\"elementor-widget-container\">\n\t\t\t\t\t\t\t\t\t\t\t\t\t\t\t<img decoding=\"async\" width=\"350\" height=\"400\" src=\"https:\/\/fvglobal.org\/wp-content\/uploads\/2023\/07\/IMG-20220910-WA0051-350x400.jpg\" class=\"attachment-sadaka_core_gallery_thumb_350_400 size-sadaka_core_gallery_thumb_350_400 wp-image-3511\" alt=\"\" \/>\t\t\t\t\t\t\t\t\t\t\t\t\t\t\t<\/div>\n\t\t\t\t<\/div>\n\t\t\t\t\t<\/div>\n\t\t<\/div>\n\t\t\t\t<div class=\"elementor-column elementor-col-16 elementor-top-column elementor-element elementor-element-cdce2dc\" data-id=\"cdce2dc\" data-element_type=\"column\" data-e-type=\"column\">\n\t\t\t<div class=\"elementor-widget-wrap elementor-element-populated\">\n\t\t\t\t\t\t<div class=\"elementor-element elementor-element-863ab5b elementor-widget elementor-widget-image\" data-id=\"863ab5b\" data-element_type=\"widget\" data-e-type=\"widget\" data-widget_type=\"image.default\">\n\t\t\t\t<div class=\"elementor-widget-container\">\n\t\t\t\t\t\t\t\t\t\t\t\t\t\t\t<img loading=\"lazy\" decoding=\"async\" width=\"350\" height=\"400\" src=\"https:\/\/fvglobal.org\/wp-content\/uploads\/2023\/05\/MG_1458-min-350x400.jpg\" class=\"attachment-sadaka_core_gallery_thumb_350_400 size-sadaka_core_gallery_thumb_350_400 wp-image-3535\" alt=\"\" \/>\t\t\t\t\t\t\t\t\t\t\t\t\t\t\t<\/div>\n\t\t\t\t<\/div>\n\t\t\t\t\t<\/div>\n\t\t<\/div>\n\t\t\t\t<div class=\"elementor-column elementor-col-16 elementor-top-column elementor-element elementor-element-71b18e7\" data-id=\"71b18e7\" data-element_type=\"column\" data-e-type=\"column\">\n\t\t\t<div class=\"elementor-widget-wrap elementor-element-populated\">\n\t\t\t\t\t\t<div class=\"elementor-element elementor-element-6182312 elementor-hidden-mobile elementor-widget elementor-widget-image\" data-id=\"6182312\" data-element_type=\"widget\" data-e-type=\"widget\" data-widget_type=\"image.default\">\n\t\t\t\t<div class=\"elementor-widget-container\">\n\t\t\t\t\t\t\t\t\t\t\t\t\t\t\t<img loading=\"lazy\" decoding=\"async\" width=\"350\" height=\"400\" src=\"https:\/\/fvglobal.org\/wp-content\/uploads\/2023\/07\/IMG-20220910-WA0053-350x400.jpg\" class=\"attachment-sadaka_core_gallery_thumb_350_400 size-sadaka_core_gallery_thumb_350_400 wp-image-3536\" alt=\"\" \/>\t\t\t\t\t\t\t\t\t\t\t\t\t\t\t<\/div>\n\t\t\t\t<\/div>\n\t\t\t\t\t<\/div>\n\t\t<\/div>\n\t\t\t\t<div class=\"elementor-column elementor-col-16 elementor-top-column elementor-element elementor-element-fcf8e5d\" data-id=\"fcf8e5d\" data-element_type=\"column\" data-e-type=\"column\">\n\t\t\t<div class=\"elementor-widget-wrap elementor-element-populated\">\n\t\t\t\t\t\t<div class=\"elementor-element elementor-element-dd46b88 elementor-hidden-mobile elementor-widget elementor-widget-image\" data-id=\"dd46b88\" data-element_type=\"widget\" data-e-type=\"widget\" data-widget_type=\"image.default\">\n\t\t\t\t<div class=\"elementor-widget-container\">\n\t\t\t\t\t\t\t\t\t\t\t\t\t\t\t<img loading=\"lazy\" decoding=\"async\" width=\"350\" height=\"400\" src=\"https:\/\/fvglobal.org\/wp-content\/uploads\/2023\/06\/Fundacion-vision-rdcongo-22-350x400.jpg\" class=\"attachment-sadaka_core_gallery_thumb_350_400 size-sadaka_core_gallery_thumb_350_400 wp-image-3537\" alt=\"\" \/>\t\t\t\t\t\t\t\t\t\t\t\t\t\t\t<\/div>\n\t\t\t\t<\/div>\n\t\t\t\t\t<\/div>\n\t\t<\/div>\n\t\t\t\t<div class=\"elementor-column elementor-col-16 elementor-top-column elementor-element elementor-element-79dac6b\" data-id=\"79dac6b\" data-element_type=\"column\" data-e-type=\"column\">\n\t\t\t<div class=\"elementor-widget-wrap elementor-element-populated\">\n\t\t\t\t\t\t<div class=\"elementor-element elementor-element-1eadc57 elementor-hidden-mobile elementor-widget elementor-widget-image\" data-id=\"1eadc57\" data-element_type=\"widget\" data-e-type=\"widget\" data-widget_type=\"image.default\">\n\t\t\t\t<div class=\"elementor-widget-container\">\n\t\t\t\t\t\t\t\t\t\t\t\t\t\t\t<img loading=\"lazy\" decoding=\"async\" width=\"350\" height=\"400\" src=\"https:\/\/fvglobal.org\/wp-content\/uploads\/2023\/06\/IMG-20220910-WA0052-350x400.jpg\" class=\"attachment-sadaka_core_gallery_thumb_350_400 size-sadaka_core_gallery_thumb_350_400 wp-image-3509\" alt=\"\" \/>\t\t\t\t\t\t\t\t\t\t\t\t\t\t\t<\/div>\n\t\t\t\t<\/div>\n\t\t\t\t\t<\/div>\n\t\t<\/div>\n\t\t\t\t<div class=\"elementor-column elementor-col-16 elementor-top-column elementor-element elementor-element-15bdb4e\" data-id=\"15bdb4e\" data-element_type=\"column\" data-e-type=\"column\">\n\t\t\t<div class=\"elementor-widget-wrap elementor-element-populated\">\n\t\t\t\t\t\t<div class=\"elementor-element elementor-element-1bb0a82 elementor-hidden-mobile elementor-widget elementor-widget-image\" data-id=\"1bb0a82\" data-element_type=\"widget\" data-e-type=\"widget\" data-widget_type=\"image.default\">\n\t\t\t\t<div class=\"elementor-widget-container\">\n\t\t\t\t\t\t\t\t\t\t\t\t\t\t\t<img loading=\"lazy\" decoding=\"async\" width=\"350\" height=\"400\" src=\"https:\/\/fvglobal.org\/wp-content\/uploads\/2023\/07\/IMG-20220910-WA0020-350x400.jpg\" class=\"attachment-sadaka_core_gallery_thumb_350_400 size-sadaka_core_gallery_thumb_350_400 wp-image-3538\" alt=\"\" \/>\t\t\t\t\t\t\t\t\t\t\t\t\t\t\t<\/div>\n\t\t\t\t<\/div>\n\t\t\t\t\t<\/div>\n\t\t<\/div>\n\t\t\t\t\t<\/div>\n\t\t<\/section>\n\t\t\t\t<\/div>\n\t\t","protected":false},"excerpt":{"rendered":"<p>\u00dcber uns Fundaci\u00f3n Visi\u00f3n ist eine Institution, die sich der Entwicklung, Umsetzung und Aufrechterhaltung von Gesundheits- und Bildungsprogrammen mit vision\u00e4ren und engagierten F\u00fchrungskr\u00e4ften, Professionalit\u00e4t, hoher Qualit\u00e4t, angemessener Technologie und christlichen Prinzipien widmet. Unser Ziel ist es, Gott zu ehren und zu dienen, indem wir dazu beitragen, die Gesundheitsbed\u00fcrfnisse umfassend zu erf\u00fcllen, damit die Menschen ein [&hellip;]<\/p>\n","protected":false},"author":2,"featured_media":0,"parent":0,"menu_order":0,"comment_status":"closed","ping_status":"closed","template":"elementor_header_footer","meta":{"_acf_changed":false,"give_campaign_id":0,"footnotes":""},"class_list":["post-3539","page","type-page","status-publish","hentry"],"acf":[],"campaignId":"","_links":{"self":[{"href":"https:\/\/fvglobal.org\/de\/wp-json\/wp\/v2\/pages\/3539","targetHints":{"allow":["GET"]}}],"collection":[{"href":"https:\/\/fvglobal.org\/de\/wp-json\/wp\/v2\/pages"}],"about":[{"href":"https:\/\/fvglobal.org\/de\/wp-json\/wp\/v2\/types\/page"}],"author":[{"embeddable":true,"href":"https:\/\/fvglobal.org\/de\/wp-json\/wp\/v2\/users\/2"}],"replies":[{"embeddable":true,"href":"https:\/\/fvglobal.org\/de\/wp-json\/wp\/v2\/comments?post=3539"}],"version-history":[{"count":3,"href":"https:\/\/fvglobal.org\/de\/wp-json\/wp\/v2\/pages\/3539\/revisions"}],"predecessor-version":[{"id":3542,"href":"https:\/\/fvglobal.org\/de\/wp-json\/wp\/v2\/pages\/3539\/revisions\/3542"}],"wp:attachment":[{"href":"https:\/\/fvglobal.org\/de\/wp-json\/wp\/v2\/media?parent=3539"}],"curies":[{"name":"wp","href":"https:\/\/api.w.org\/{rel}","templated":true}]}}