{"id":3577,"date":"2026-02-08T21:19:54","date_gmt":"2026-02-09T00:19:54","guid":{"rendered":"https:\/\/fvglobal.org\/bolivien\/"},"modified":"2026-02-08T21:19:57","modified_gmt":"2026-02-09T00:19:57","slug":"bolivien","status":"publish","type":"page","link":"https:\/\/fvglobal.org\/de\/bolivien\/","title":{"rendered":"Bolivien"},"content":{"rendered":"\t\t<div data-elementor-type=\"wp-page\" data-elementor-id=\"3577\" class=\"elementor elementor-3577 elementor-2636\" data-elementor-post-type=\"page\">\n\t\t\t\t\t\t<section class=\"elementor-section elementor-top-section elementor-element elementor-element-4934f607 elementor-section-boxed elementor-section-height-default elementor-section-height-default\" data-id=\"4934f607\" data-element_type=\"section\" data-e-type=\"section\" data-settings=\"{&quot;background_background&quot;:&quot;classic&quot;}\">\n\t\t\t\t\t\t\t<div class=\"elementor-background-overlay\"><\/div>\n\t\t\t\t\t\t\t<div class=\"elementor-container elementor-column-gap-default\">\n\t\t\t\t\t<div class=\"elementor-column elementor-col-100 elementor-top-column elementor-element elementor-element-15c51cd9\" data-id=\"15c51cd9\" data-element_type=\"column\" data-e-type=\"column\">\n\t\t\t<div class=\"elementor-widget-wrap elementor-element-populated\">\n\t\t\t\t\t\t<div class=\"elementor-element elementor-element-5cc9c477 elementor-widget elementor-widget-heading\" data-id=\"5cc9c477\" data-element_type=\"widget\" data-e-type=\"widget\" data-widget_type=\"heading.default\">\n\t\t\t\t<div class=\"elementor-widget-container\">\n\t\t\t\t\t<h2 class=\"elementor-heading-title elementor-size-default\">Die Stiftung\n<\/h2>\t\t\t\t<\/div>\n\t\t\t\t<\/div>\n\t\t\t\t<div class=\"elementor-element elementor-element-5637ae50 elementor-widget elementor-widget-heading\" data-id=\"5637ae50\" data-element_type=\"widget\" data-e-type=\"widget\" data-widget_type=\"heading.default\">\n\t\t\t\t<div class=\"elementor-widget-container\">\n\t\t\t\t\t<h3 class=\"elementor-heading-title elementor-size-default\">Die Fundaci\u00f3n Visi\u00f3n reist nach Bolivien, um:<\/h3>\t\t\t\t<\/div>\n\t\t\t\t<\/div>\n\t\t\t\t<div class=\"elementor-element elementor-element-1964c14b elementor-widget__width-initial elementor-widget elementor-widget-text-editor\" data-id=\"1964c14b\" data-element_type=\"widget\" data-e-type=\"widget\" data-widget_type=\"text-editor.default\">\n\t\t\t\t<div class=\"elementor-widget-container\">\n\t\t\t\t\t\t\t\t\t<ul><li>Bedarf an chirurgischer Ausbildung f\u00fcr Augen\u00e4rzte, um eine gr\u00f6\u00dfere Abdeckung und verbesserte Operationsergebnisse zu erzielen.<\/li><li>Bedarf an einer Ausbildung von Augen\u00e4rzten mit gemeinde- und sozialorientiertem Fokus<\/li><\/ul><figure class=\"wp-block-gallery has-nested-images columns-4 is-cropped\"><figure class=\"wp-block-image size-large\"><\/figure><\/figure>\t\t\t\t\t\t\t\t<\/div>\n\t\t\t\t<\/div>\n\t\t\t\t\t<\/div>\n\t\t<\/div>\n\t\t\t\t\t<\/div>\n\t\t<\/section>\n\t\t\t\t<section class=\"elementor-section elementor-top-section elementor-element elementor-element-7726572e elementor-section-full_width elementor-section-content-middle elementor-section-height-default elementor-section-height-default\" data-id=\"7726572e\" data-element_type=\"section\" data-e-type=\"section\">\n\t\t\t\t\t\t<div class=\"elementor-container elementor-column-gap-no\">\n\t\t\t\t\t<div class=\"elementor-column elementor-col-33 elementor-top-column elementor-element elementor-element-3e37b245\" data-id=\"3e37b245\" data-element_type=\"column\" data-e-type=\"column\">\n\t\t\t<div class=\"elementor-widget-wrap elementor-element-populated\">\n\t\t\t\t\t\t<div class=\"elementor-element elementor-element-7a5e1f42 elementor-widget elementor-widget-text-editor\" data-id=\"7a5e1f42\" data-element_type=\"widget\" data-e-type=\"widget\" data-widget_type=\"text-editor.default\">\n\t\t\t\t<div class=\"elementor-widget-container\">\n\t\t\t\t\t\t\t\t\t<p style=\"text-align: left;\">Fundaci\u00f3n Visi\u00f3n Bolivien<\/p>\t\t\t\t\t\t\t\t<\/div>\n\t\t\t\t<\/div>\n\t\t\t\t<div class=\"elementor-element elementor-element-1be377b4 elementor-widget elementor-widget-heading\" data-id=\"1be377b4\" data-element_type=\"widget\" data-e-type=\"widget\" data-widget_type=\"heading.default\">\n\t\t\t\t<div class=\"elementor-widget-container\">\n\t\t\t\t\t<h3 class=\"elementor-heading-title elementor-size-default\">Bolivien<\/h3>\t\t\t\t<\/div>\n\t\t\t\t<\/div>\n\t\t\t\t<div class=\"elementor-element elementor-element-1b9b24e6 elementor-widget-divider--view-line elementor-widget elementor-widget-divider\" data-id=\"1b9b24e6\" data-element_type=\"widget\" data-e-type=\"widget\" data-widget_type=\"divider.default\">\n\t\t\t\t<div class=\"elementor-widget-container\">\n\t\t\t\t\t\t\t<div class=\"elementor-divider\">\n\t\t\t<span class=\"elementor-divider-separator\">\n\t\t\t\t\t\t<\/span>\n\t\t<\/div>\n\t\t\t\t\t\t<\/div>\n\t\t\t\t<\/div>\n\t\t\t\t\t<\/div>\n\t\t<\/div>\n\t\t\t\t<div class=\"elementor-column elementor-col-33 elementor-top-column elementor-element elementor-element-2e1d9cc9\" data-id=\"2e1d9cc9\" data-element_type=\"column\" data-e-type=\"column\">\n\t\t\t<div class=\"elementor-widget-wrap elementor-element-populated\">\n\t\t\t\t\t\t<div class=\"elementor-element elementor-element-19ab4f8b elementor-widget elementor-widget-text-editor\" data-id=\"19ab4f8b\" data-element_type=\"widget\" data-e-type=\"widget\" data-widget_type=\"text-editor.default\">\n\t\t\t\t<div class=\"elementor-widget-container\">\n\t\t\t\t\t\t\t\t\t<p>Fl\u00e4che: 1.083.300 km\u00b2<br>Hauptstadt: Sucre<br>Sprache: Spanisch<br>Einwohnerzahl: \u00dcber 11,8 Millionen<br>Augen\u00e4rzte: 300<br>Operationen pro Jahr: 1.000 pro Million Einwohner<br>Ben\u00f6tigte Operationen pro Jahr: 3.000 pro Million Einwohner<\/p>\t\t\t\t\t\t\t\t<\/div>\n\t\t\t\t<\/div>\n\t\t\t\t\t<\/div>\n\t\t<\/div>\n\t\t\t\t<div class=\"elementor-column elementor-col-33 elementor-top-column elementor-element elementor-element-64c01b82\" data-id=\"64c01b82\" data-element_type=\"column\" data-e-type=\"column\">\n\t\t\t<div class=\"elementor-widget-wrap elementor-element-populated\">\n\t\t\t\t\t\t<div class=\"elementor-element elementor-element-43af3fb1 elementor-widget__width-initial elementor-widget elementor-widget-image\" data-id=\"43af3fb1\" data-element_type=\"widget\" data-e-type=\"widget\" data-widget_type=\"image.default\">\n\t\t\t\t<div class=\"elementor-widget-container\">\n\t\t\t\t\t\t\t\t\t\t\t\t\t\t\t<img fetchpriority=\"high\" decoding=\"async\" width=\"953\" height=\"1000\" src=\"https:\/\/fvglobal.org\/wp-content\/uploads\/2023\/06\/mapa-bolivia.jpg\" class=\"attachment-full size-full wp-image-3573\" alt=\"\" srcset=\"https:\/\/fvglobal.org\/wp-content\/uploads\/2023\/06\/mapa-bolivia.jpg 953w, https:\/\/fvglobal.org\/wp-content\/uploads\/2023\/06\/mapa-bolivia-286x300.jpg 286w, https:\/\/fvglobal.org\/wp-content\/uploads\/2023\/06\/mapa-bolivia-768x806.jpg 768w, https:\/\/fvglobal.org\/wp-content\/uploads\/2023\/06\/mapa-bolivia-600x630.jpg 600w\" sizes=\"(max-width: 953px) 100vw, 953px\" \/>\t\t\t\t\t\t\t\t\t\t\t\t\t\t\t<\/div>\n\t\t\t\t<\/div>\n\t\t\t\t\t<\/div>\n\t\t<\/div>\n\t\t\t\t\t<\/div>\n\t\t<\/section>\n\t\t\t\t<section class=\"elementor-section elementor-top-section elementor-element elementor-element-62f2453 elementor-section-boxed elementor-section-height-default elementor-section-height-default\" data-id=\"62f2453\" data-element_type=\"section\" data-e-type=\"section\">\n\t\t\t\t\t\t<div class=\"elementor-container elementor-column-gap-default\">\n\t\t\t\t\t<div class=\"elementor-column elementor-col-100 elementor-top-column elementor-element elementor-element-4f6274c\" data-id=\"4f6274c\" data-element_type=\"column\" data-e-type=\"column\">\n\t\t\t<div class=\"elementor-widget-wrap elementor-element-populated\">\n\t\t\t\t\t\t<div class=\"elementor-element elementor-element-1ffaa9c elementor-widget elementor-widget-image\" data-id=\"1ffaa9c\" data-element_type=\"widget\" data-e-type=\"widget\" data-widget_type=\"image.default\">\n\t\t\t\t<div class=\"elementor-widget-container\">\n\t\t\t\t\t\t\t\t\t\t\t\t\t\t\t<img decoding=\"async\" width=\"2328\" height=\"1004\" src=\"https:\/\/fvglobal.org\/wp-content\/uploads\/2023\/06\/Captura-de-Pantalla-2023-06-21-a-las-12.40.06-min.png\" class=\"attachment-full size-full wp-image-3574\" alt=\"\" srcset=\"https:\/\/fvglobal.org\/wp-content\/uploads\/2023\/06\/Captura-de-Pantalla-2023-06-21-a-las-12.40.06-min.png 2328w, https:\/\/fvglobal.org\/wp-content\/uploads\/2023\/06\/Captura-de-Pantalla-2023-06-21-a-las-12.40.06-min-300x129.png 300w, https:\/\/fvglobal.org\/wp-content\/uploads\/2023\/06\/Captura-de-Pantalla-2023-06-21-a-las-12.40.06-min-1024x442.png 1024w, https:\/\/fvglobal.org\/wp-content\/uploads\/2023\/06\/Captura-de-Pantalla-2023-06-21-a-las-12.40.06-min-768x331.png 768w, https:\/\/fvglobal.org\/wp-content\/uploads\/2023\/06\/Captura-de-Pantalla-2023-06-21-a-las-12.40.06-min-1536x662.png 1536w, https:\/\/fvglobal.org\/wp-content\/uploads\/2023\/06\/Captura-de-Pantalla-2023-06-21-a-las-12.40.06-min-2048x883.png 2048w, https:\/\/fvglobal.org\/wp-content\/uploads\/2023\/06\/Captura-de-Pantalla-2023-06-21-a-las-12.40.06-min-600x259.png 600w\" sizes=\"(max-width: 2328px) 100vw, 2328px\" \/>\t\t\t\t\t\t\t\t\t\t\t\t\t\t\t<\/div>\n\t\t\t\t<\/div>\n\t\t\t\t\t<\/div>\n\t\t<\/div>\n\t\t\t\t\t<\/div>\n\t\t<\/section>\n\t\t\t\t<section class=\"elementor-section elementor-top-section elementor-element elementor-element-f4f24a elementor-section-content-middle elementor-section-boxed elementor-section-height-default elementor-section-height-default\" data-id=\"f4f24a\" data-element_type=\"section\" data-e-type=\"section\">\n\t\t\t\t\t\t<div class=\"elementor-container elementor-column-gap-no\">\n\t\t\t\t\t<div class=\"elementor-column elementor-col-50 elementor-top-column elementor-element elementor-element-4e865f49\" data-id=\"4e865f49\" data-element_type=\"column\" data-e-type=\"column\">\n\t\t\t<div class=\"elementor-widget-wrap elementor-element-populated\">\n\t\t\t\t\t\t<div class=\"elementor-element elementor-element-300e840d elementor-widget-divider--view-line elementor-widget elementor-widget-divider\" data-id=\"300e840d\" data-element_type=\"widget\" data-e-type=\"widget\" data-widget_type=\"divider.default\">\n\t\t\t\t<div class=\"elementor-widget-container\">\n\t\t\t\t\t\t\t<div class=\"elementor-divider\">\n\t\t\t<span class=\"elementor-divider-separator\">\n\t\t\t\t\t\t<\/span>\n\t\t<\/div>\n\t\t\t\t\t\t<\/div>\n\t\t\t\t<\/div>\n\t\t\t\t<div class=\"elementor-element elementor-element-2e1fbf94 elementor-widget elementor-widget-heading\" data-id=\"2e1fbf94\" data-element_type=\"widget\" data-e-type=\"widget\" data-widget_type=\"heading.default\">\n\t\t\t\t<div class=\"elementor-widget-container\">\n\t\t\t\t\t<h4 class=\"elementor-heading-title elementor-size-default\">Aktuell ist die Fundaci\u00f3n Visi\u00f3n in Bolivien t\u00e4tig:\n<\/h4>\t\t\t\t<\/div>\n\t\t\t\t<\/div>\n\t\t\t\t\t<\/div>\n\t\t<\/div>\n\t\t\t\t<div class=\"elementor-column elementor-col-50 elementor-top-column elementor-element elementor-element-61208038\" data-id=\"61208038\" data-element_type=\"column\" data-e-type=\"column\">\n\t\t\t<div class=\"elementor-widget-wrap elementor-element-populated\">\n\t\t\t\t\t\t<div class=\"elementor-element elementor-element-213af61b elementor-widget elementor-widget-text-editor\" data-id=\"213af61b\" data-element_type=\"widget\" data-e-type=\"widget\" data-widget_type=\"text-editor.default\">\n\t\t\t\t<div class=\"elementor-widget-container\">\n\t\t\t\t\t\t\t\t\t<ul><li>Er reist ins Landesinnere, um blinde Patienten zu finden.<\/li><li>Bieten Sie in einer Klinik mit Hilfe von Partnern Augenbehandlungen an.<\/li><li>Er plant, am Stadtrand von Santa Cruz seine eigene Klinik zu bauen.<\/li><li>\u00c4rzte in der Chirurgie schulen, um bessere Ergebnisse zu erzielen<\/li><\/ul><figure class=\"wp-block-gallery has-nested-images columns-4 is-cropped\"><\/figure>\t\t\t\t\t\t\t\t<\/div>\n\t\t\t\t<\/div>\n\t\t\t\t\t<\/div>\n\t\t<\/div>\n\t\t\t\t\t<\/div>\n\t\t<\/section>\n\t\t\t\t<section class=\"elementor-section elementor-top-section elementor-element elementor-element-117517c elementor-section-boxed elementor-section-height-default elementor-section-height-default\" data-id=\"117517c\" data-element_type=\"section\" data-e-type=\"section\">\n\t\t\t\t\t\t<div class=\"elementor-container elementor-column-gap-default\">\n\t\t\t\t\t<div class=\"elementor-column elementor-col-100 elementor-top-column elementor-element elementor-element-5c4861d\" data-id=\"5c4861d\" data-element_type=\"column\" data-e-type=\"column\">\n\t\t\t<div class=\"elementor-widget-wrap elementor-element-populated\">\n\t\t\t\t\t\t<div class=\"elementor-element elementor-element-1e9b3ea elementor-widget elementor-widget-image\" data-id=\"1e9b3ea\" data-element_type=\"widget\" data-e-type=\"widget\" data-widget_type=\"image.default\">\n\t\t\t\t<div class=\"elementor-widget-container\">\n\t\t\t\t\t\t\t\t\t\t\t\t\t\t\t<img decoding=\"async\" width=\"2316\" height=\"1520\" src=\"https:\/\/fvglobal.org\/wp-content\/uploads\/2023\/06\/Captura-de-Pantalla-2023-06-21-a-las-12.45.02-min.png\" class=\"attachment-full size-full wp-image-3575\" alt=\"\" srcset=\"https:\/\/fvglobal.org\/wp-content\/uploads\/2023\/06\/Captura-de-Pantalla-2023-06-21-a-las-12.45.02-min.png 2316w, https:\/\/fvglobal.org\/wp-content\/uploads\/2023\/06\/Captura-de-Pantalla-2023-06-21-a-las-12.45.02-min-300x197.png 300w, https:\/\/fvglobal.org\/wp-content\/uploads\/2023\/06\/Captura-de-Pantalla-2023-06-21-a-las-12.45.02-min-1024x672.png 1024w, https:\/\/fvglobal.org\/wp-content\/uploads\/2023\/06\/Captura-de-Pantalla-2023-06-21-a-las-12.45.02-min-768x504.png 768w, https:\/\/fvglobal.org\/wp-content\/uploads\/2023\/06\/Captura-de-Pantalla-2023-06-21-a-las-12.45.02-min-1536x1008.png 1536w, https:\/\/fvglobal.org\/wp-content\/uploads\/2023\/06\/Captura-de-Pantalla-2023-06-21-a-las-12.45.02-min-2048x1344.png 2048w, https:\/\/fvglobal.org\/wp-content\/uploads\/2023\/06\/Captura-de-Pantalla-2023-06-21-a-las-12.45.02-min-600x394.png 600w\" sizes=\"(max-width: 2316px) 100vw, 2316px\" \/>\t\t\t\t\t\t\t\t\t\t\t\t\t\t\t<\/div>\n\t\t\t\t<\/div>\n\t\t\t\t<div class=\"elementor-element elementor-element-ce01d58 elementor-widget elementor-widget-image\" data-id=\"ce01d58\" data-element_type=\"widget\" data-e-type=\"widget\" data-widget_type=\"image.default\">\n\t\t\t\t<div class=\"elementor-widget-container\">\n\t\t\t\t\t\t\t\t\t\t\t\t\t\t\t<img loading=\"lazy\" decoding=\"async\" width=\"2316\" height=\"1016\" src=\"https:\/\/fvglobal.org\/wp-content\/uploads\/2023\/06\/Captura-de-Pantalla-2023-06-21-a-las-13.02.39-min.png\" class=\"attachment-full size-full wp-image-3576\" alt=\"\" srcset=\"https:\/\/fvglobal.org\/wp-content\/uploads\/2023\/06\/Captura-de-Pantalla-2023-06-21-a-las-13.02.39-min.png 2316w, https:\/\/fvglobal.org\/wp-content\/uploads\/2023\/06\/Captura-de-Pantalla-2023-06-21-a-las-13.02.39-min-300x132.png 300w, https:\/\/fvglobal.org\/wp-content\/uploads\/2023\/06\/Captura-de-Pantalla-2023-06-21-a-las-13.02.39-min-1024x449.png 1024w, https:\/\/fvglobal.org\/wp-content\/uploads\/2023\/06\/Captura-de-Pantalla-2023-06-21-a-las-13.02.39-min-768x337.png 768w, https:\/\/fvglobal.org\/wp-content\/uploads\/2023\/06\/Captura-de-Pantalla-2023-06-21-a-las-13.02.39-min-1536x674.png 1536w, https:\/\/fvglobal.org\/wp-content\/uploads\/2023\/06\/Captura-de-Pantalla-2023-06-21-a-las-13.02.39-min-2048x898.png 2048w, https:\/\/fvglobal.org\/wp-content\/uploads\/2023\/06\/Captura-de-Pantalla-2023-06-21-a-las-13.02.39-min-600x263.png 600w\" sizes=\"(max-width: 2316px) 100vw, 2316px\" \/>\t\t\t\t\t\t\t\t\t\t\t\t\t\t\t<\/div>\n\t\t\t\t<\/div>\n\t\t\t\t\t<\/div>\n\t\t<\/div>\n\t\t\t\t\t<\/div>\n\t\t<\/section>\n\t\t\t\t<\/div>\n\t\t","protected":false},"excerpt":{"rendered":"<p>Die Stiftung Die Fundaci\u00f3n Visi\u00f3n reist nach Bolivien, um: Bedarf an chirurgischer Ausbildung f\u00fcr Augen\u00e4rzte, um eine gr\u00f6\u00dfere Abdeckung und verbesserte Operationsergebnisse zu erzielen. Bedarf an einer Ausbildung von Augen\u00e4rzten mit gemeinde- und sozialorientiertem Fokus Fundaci\u00f3n Visi\u00f3n Bolivien Bolivien Fl\u00e4che: 1.083.300 km\u00b2Hauptstadt: SucreSprache: SpanischEinwohnerzahl: \u00dcber 11,8 MillionenAugen\u00e4rzte: 300Operationen pro Jahr: 1.000 pro Million EinwohnerBen\u00f6tigte Operationen [&hellip;]<\/p>\n","protected":false},"author":2,"featured_media":0,"parent":0,"menu_order":0,"comment_status":"closed","ping_status":"closed","template":"elementor_header_footer","meta":{"_acf_changed":false,"give_campaign_id":0,"footnotes":""},"class_list":["post-3577","page","type-page","status-publish","hentry"],"acf":[],"campaignId":"","_links":{"self":[{"href":"https:\/\/fvglobal.org\/de\/wp-json\/wp\/v2\/pages\/3577","targetHints":{"allow":["GET"]}}],"collection":[{"href":"https:\/\/fvglobal.org\/de\/wp-json\/wp\/v2\/pages"}],"about":[{"href":"https:\/\/fvglobal.org\/de\/wp-json\/wp\/v2\/types\/page"}],"author":[{"embeddable":true,"href":"https:\/\/fvglobal.org\/de\/wp-json\/wp\/v2\/users\/2"}],"replies":[{"embeddable":true,"href":"https:\/\/fvglobal.org\/de\/wp-json\/wp\/v2\/comments?post=3577"}],"version-history":[{"count":1,"href":"https:\/\/fvglobal.org\/de\/wp-json\/wp\/v2\/pages\/3577\/revisions"}],"predecessor-version":[{"id":3578,"href":"https:\/\/fvglobal.org\/de\/wp-json\/wp\/v2\/pages\/3577\/revisions\/3578"}],"wp:attachment":[{"href":"https:\/\/fvglobal.org\/de\/wp-json\/wp\/v2\/media?parent=3577"}],"curies":[{"name":"wp","href":"https:\/\/api.w.org\/{rel}","templated":true}]}}